{"id":1032,"date":"2017-04-05T16:12:07","date_gmt":"2017-04-05T13:12:07","guid":{"rendered":"http:\/\/sagliklitoplum.org.tr\/?page_id=1032"},"modified":"2022-03-14T13:31:22","modified_gmt":"2022-03-14T10:31:22","slug":"a","status":"publish","type":"page","link":"http:\/\/sagliklitoplum.org.tr\/en\/ataturk-corner-off\/","title":{"rendered":"Turkish Youth"},"content":{"rendered":"<p>[:tr<\/p>\n\n\n\n<p>Ey T\u00fcrk Gen\u00e7li\u011fi!<\/p>\n\n\n\n<p>Birinci vazifen, T\u00fcrk istikl\u00e2lini, T\u00fcrk Cumhuriyetini, ilelebet, muhafaza ve m\u00fcdafaa etmektir.<\/p>\n\n\n\n<p>Mevcudiyetinin ve istikbalinin yeg\u00e2ne temeli budur. Bu temel, senin, en k\u0131ymetli hazinendir. \u0130stikbalde dahi, seni bu hazineden mahrum etmek isteyecek, dahil\u00ee ve haric\u00ee bedhahlar\u0131n olacakt\u0131r. Bir g\u00fcn, \u0130stikl\u00e2l ve Cumhuriyeti m\u00fcdafaa mecburiyetine d\u00fc\u015fersen, vazifeye at\u0131lmak i\u00e7in, i\u00e7inde bulunaca\u011f\u0131n vaziyetin imk\u00e2n ve \u015fer\u00e2itini d\u00fc\u015f\u00fcnmeyeceksin! Bu imk\u00e2n ve \u015fer\u00e2it, \u00e7ok n\u00e2m\u00fcsait bir mahiyette tezah\u00fcr edebilir. \u0130stikl\u00e2l ve Cumhuriyetine kastedecek d\u00fc\u015fmanlar, b\u00fct\u00fcn d\u00fcnyada emsali g\u00f6r\u00fclmemi\u015f bir galibiyetin m\u00fcmessili olabilirler. Cebren ve hile ile aziz vatan\u0131n, b\u00fct\u00fcn kaleleri zaptedilmi\u015f, b\u00fct\u00fcn tersanelerine girilmi\u015f, b\u00fct\u00fcn ordular\u0131 da\u011f\u0131t\u0131lm\u0131\u015f ve memleketin her k\u00f6\u015fesi bilfiil i\u015fgal edilmi\u015f olabilir. B\u00fct\u00fcn bu \u015fer\u00e2itten daha el\u00eem ve daha vahim olmak \u00fczere, memleketin dahilinde, iktidara sahip olanlar gaflet ve dal\u00e2let ve hatt\u00e2 h\u0131yanet i\u00e7inde bulunabilirler. Hatt\u00e2 bu iktidar sahipleri \u015fahs\u00ee menfaatlerini, m\u00fcstevlilerin siyasi emelleriyle tevhit edebilirler. Millet, fakr \u00fc zaruret i\u00e7inde harap ve b\u00eetap d\u00fc\u015fm\u00fc\u015f olabilir.<\/p>\n\n\n\n<p>Ey T\u00fcrk istikbalinin evl\u00e2d\u0131! \u0130\u015fte, bu ahval ve \u015fer\u00e2it i\u00e7inde dahi, vazifen; T\u00fcrk \u0130stikl\u00e2l ve Cumhuriyetini kurtarmakt\u0131r! Muhta\u00e7 oldu\u011fun kudret, damarlar\u0131ndaki asil kanda mevcuttur!<\/p>\n\n\n\n<p>Mustafa Kemal Atat\u00fcrk<br>20 Ekim 1927Turkish Youth!<\/p>\n\n\n\n<p>The first duty is to preserve and defend Turkish independence, the Turkish Republic forever.<\/p>\n\n\n\n<p>This is the very foundation of your existence and your future. This foundation is your most precious treasure. Even in the future, you will want to deprive you of this treasure, both internal and external. One day, if you fall into the obligation of self-defense of the Independence and the Republic, you will not think of the possibilities and possibilities of being in order to be thrown into your duty! This possibility and lamentation can manifest in a very noble character.<\/p>\n\n\n\n<p>The enemies that will refer to independence and the Republic can be the agents of an unprecedented victory all over the world. By gravity and deceit, the saints&#8217; homeland, all their possessions, all their shipyards, all their armies, and every corner of the country may be occupied. Within this country, those who hold power can be unaware and deceitful, and even in treachery, more and more graver than all this shit. They may even be able to affirm their personal interests by the political desires of the seers. The nation may be devastated by the need for the poor.<\/p>\n\n\n\n<p>He was the son of Turkish fortune! Here, even in this situation and in the lull, To save Turkish independence and republic! The strength you need in the noble blood in your veins!<\/p>\n\n\n\n<p>Mustafa Kemal Atat\u00fcrk<br>October 20, 1927<\/p>","protected":false},"excerpt":{"rendered":"<p>[:tr Ey T\u00fcrk Gen\u00e7li\u011fi! Birinci vazifen, T\u00fcrk istikl\u00e2lini, T\u00fcrk Cumhuriyetini, ilelebet, muhafaza ve m\u00fcdafaa etmektir. Mevcudiyetinin ve istikbalinin yeg\u00e2ne temeli budur. Bu temel, senin, en k\u0131ymetli hazinendir. \u0130stikbalde dahi, seni bu hazineden mahrum etmek isteyecek, dahil\u00ee ve haric\u00ee bedhahlar\u0131n olacakt\u0131r. Bir g\u00fcn, \u0130stikl\u00e2l ve Cumhuriyeti m\u00fcdafaa mecburiyetine d\u00fc\u015fersen, vazifeye at\u0131lmak i\u00e7in, i\u00e7inde bulunaca\u011f\u0131n vaziyetin imk\u00e2n [&hellip;]<\/p>\n","protected":false},"author":1,"featured_media":0,"parent":0,"menu_order":2,"comment_status":"closed","ping_status":"closed","template":"","meta":[],"_links":{"self":[{"href":"http:\/\/sagliklitoplum.org.tr\/en\/wp-json\/wp\/v2\/pages\/1032"}],"collection":[{"href":"http:\/\/sagliklitoplum.org.tr\/en\/wp-json\/wp\/v2\/pages"}],"about":[{"href":"http:\/\/sagliklitoplum.org.tr\/en\/wp-json\/wp\/v2\/types\/page"}],"author":[{"embeddable":true,"href":"http:\/\/sagliklitoplum.org.tr\/en\/wp-json\/wp\/v2\/users\/1"}],"replies":[{"embeddable":true,"href":"http:\/\/sagliklitoplum.org.tr\/en\/wp-json\/wp\/v2\/comments?post=1032"}],"version-history":[{"count":9,"href":"http:\/\/sagliklitoplum.org.tr\/en\/wp-json\/wp\/v2\/pages\/1032\/revisions"}],"predecessor-version":[{"id":2023,"href":"http:\/\/sagliklitoplum.org.tr\/en\/wp-json\/wp\/v2\/pages\/1032\/revisions\/2023"}],"wp:attachment":[{"href":"http:\/\/sagliklitoplum.org.tr\/en\/wp-json\/wp\/v2\/media?parent=1032"}],"curies":[{"name":"wp","href":"https:\/\/api.w.org\/{rel}","templated":true}]}}