{"id":154,"date":"2017-03-06T10:59:29","date_gmt":"2017-03-06T07:59:29","guid":{"rendered":"http:\/\/sagliklitoplum.org.tr\/?page_id=154"},"modified":"2021-02-24T22:41:44","modified_gmt":"2021-02-24T19:41:44","slug":"projelerimiz","status":"publish","type":"page","link":"http:\/\/sagliklitoplum.org.tr\/en\/projects\/","title":{"rendered":"Project"},"content":{"rendered":"<p>[vc_row][vc_column][vc_custom_heading text=&#8221;Projelerimiz&#8221; google_fonts=&#8221;font_family:Exo%3A100%2C100italic%2C200%2C200italic%2C300%2C300italic%2Cregular%2Citalic%2C500%2C500italic%2C600%2C600italic%2C700%2C700italic%2C800%2C800italic%2C900%2C900italic|font_style:400%20regular%3A400%3Anormal&#8221;][vc_empty_space height=&#8221;10px&#8221;][vc_column_text][\/vc_column_text][\/vc_column][\/vc_row][vc_row][vc_column][vc_empty_space height=&#8221;15px&#8221;][\/vc_column][\/vc_row][vc_row][vc_column]<div class=\"td_block_wrap td_block_9 td_uid_2_69da697fd1155_rand td-pb-border-top td_block_template_1\"  data-td-block-uid=\"td_uid_2_69da697fd1155\" ><script>var block_td_uid_2_69da697fd1155 = new tdBlock();\nblock_td_uid_2_69da697fd1155.id = \"td_uid_2_69da697fd1155\";\nblock_td_uid_2_69da697fd1155.atts = '{\"limit\":\"10\",\"sort\":\"\",\"post_ids\":\"\",\"tag_slug\":\"\",\"autors_id\":\"\",\"installed_post_types\":\"\",\"category_id\":\"20\",\"category_ids\":\"\",\"custom_title\":\"\",\"custom_url\":\"\",\"show_child_cat\":\"\",\"sub_cat_ajax\":\"\",\"ajax_pagination\":\"\",\"header_color\":\"\",\"header_text_color\":\"\",\"ajax_pagination_infinite_stop\":\"\",\"td_column_number\":1,\"td_ajax_preloading\":\"\",\"td_ajax_filter_type\":\"\",\"td_ajax_filter_ids\":\"\",\"td_filter_default_txt\":\"All\",\"color_preset\":\"\",\"border_top\":\"\",\"class\":\"td_uid_2_69da697fd1155_rand\",\"el_class\":\"\",\"offset\":\"\",\"css\":\"\",\"tdc_css\":\"\",\"tdc_css_class\":\"td_uid_2_69da697fd1155_rand\",\"live_filter\":\"\",\"live_filter_cur_post_id\":\"\",\"live_filter_cur_post_author\":\"\",\"block_template_id\":\"\"}';\nblock_td_uid_2_69da697fd1155.td_column_number = \"1\";\nblock_td_uid_2_69da697fd1155.block_type = \"td_block_9\";\nblock_td_uid_2_69da697fd1155.post_count = \"10\";\nblock_td_uid_2_69da697fd1155.found_posts = \"12\";\nblock_td_uid_2_69da697fd1155.header_color = \"\";\nblock_td_uid_2_69da697fd1155.ajax_pagination_infinite_stop = \"\";\nblock_td_uid_2_69da697fd1155.max_num_pages = \"2\";\ntdBlocksArray.push(block_td_uid_2_69da697fd1155);\n<\/script><div class=\"td-block-title-wrap\"><\/div><div id=td_uid_2_69da697fd1155 class=\"td_block_inner\">\n\n\t<div class=\"td-block-span12\">\n\n        <div class=\"td_module_8 td_module_wrap\">\n\n            <div class=\"item-details\">\n                <h3 class=\"entry-title td-module-title\"><a href=\"http:\/\/sagliklitoplum.org.tr\/en\/turkish-kadinlarda-saglikli-beslenme\/\" rel=\"bookmark\" title=\"(Turkish) Kad\u0131nlarda Sa\u011fl\u0131kl\u0131 Beslenme\">(Turkish) Kad\u0131nlarda Sa\u011fl\u0131kl\u0131 Beslenme<\/a><\/h3>\n                <div class=\"td-module-meta-info\">\n                                        <span class=\"td-post-author-name\"><a href=\"http:\/\/sagliklitoplum.org.tr\/en\/author\/skeskin\/\">Sa\u011fl\u0131kl\u0131 Toplum<\/a> <span>-<\/span> <\/span>                    <span class=\"td-post-date\"><time class=\"entry-date updated td-module-date\" datetime=\"2017-05-08T11:02:24+00:00\" >8 May 2017<\/time><\/span>                    <div class=\"td-module-comments\"><a href=\"http:\/\/sagliklitoplum.org.tr\/en\/turkish-kadinlarda-saglikli-beslenme\/#respond\">0<\/a><\/div>                <\/div>\n            <\/div>\n\n            \n        <\/div>\n\n        \n\t<\/div> <!-- .\/td-block-span12 -->\n\n\t<div class=\"td-block-span12\">\n\n        <div class=\"td_module_8 td_module_wrap\">\n\n            <div class=\"item-details\">\n                <h3 class=\"entry-title td-module-title\"><a href=\"http:\/\/sagliklitoplum.org.tr\/en\/turkish-proje-illeri\/\" rel=\"bookmark\" title=\"(Turkish) Proje illeri\">(Turkish) Proje illeri<\/a><\/h3>\n                <div class=\"td-module-meta-info\">\n                                        <span class=\"td-post-author-name\"><a href=\"http:\/\/sagliklitoplum.org.tr\/en\/author\/skeskin\/\">Sa\u011fl\u0131kl\u0131 Toplum<\/a> <span>-<\/span> <\/span>                    <span class=\"td-post-date\"><time class=\"entry-date updated td-module-date\" datetime=\"2017-05-08T10:53:26+00:00\" >8 May 2017<\/time><\/span>                    <div class=\"td-module-comments\"><a href=\"http:\/\/sagliklitoplum.org.tr\/en\/turkish-proje-illeri\/#respond\">0<\/a><\/div>                <\/div>\n            <\/div>\n\n            \n        <\/div>\n\n        \n\t<\/div> <!-- .\/td-block-span12 -->\n\n\t<div class=\"td-block-span12\">\n\n        <div class=\"td_module_8 td_module_wrap\">\n\n            <div class=\"item-details\">\n                <h3 class=\"entry-title td-module-title\"><a href=\"http:\/\/sagliklitoplum.org.tr\/en\/obezite-ile-mucadele\/\" rel=\"bookmark\" title=\"Fight Against Obesity\">Fight Against Obesity<\/a><\/h3>\n                <div class=\"td-module-meta-info\">\n                                        <span class=\"td-post-author-name\"><a href=\"http:\/\/sagliklitoplum.org.tr\/en\/author\/skeskin\/\">Sa\u011fl\u0131kl\u0131 Toplum<\/a> <span>-<\/span> <\/span>                    <span class=\"td-post-date\"><time class=\"entry-date updated td-module-date\" datetime=\"2017-03-06T15:15:58+00:00\" >6 March 2017<\/time><\/span>                    <div class=\"td-module-comments\"><a href=\"http:\/\/sagliklitoplum.org.tr\/en\/obezite-ile-mucadele\/#respond\">0<\/a><\/div>                <\/div>\n            <\/div>\n\n            \n        <\/div>\n\n        \n\t<\/div> <!-- .\/td-block-span12 -->\n\n\t<div class=\"td-block-span12\">\n\n        <div class=\"td_module_8 td_module_wrap\">\n\n            <div class=\"item-details\">\n                <h3 class=\"entry-title td-module-title\"><a href=\"http:\/\/sagliklitoplum.org.tr\/en\/5-12-yas-cocuklarda-saglikli-beslenme-aliskanliginin-kazandirilmasi\/\" rel=\"bookmark\" title=\"5 \u2013 12 Ya\u015f \u00c7ocuklarda Sa\u011fl\u0131kl\u0131 Beslenme Al\u0131\u015fkanl\u0131\u011f\u0131n\u0131n Kazand\u0131r\u0131lmas\u0131\">5 \u2013 12 Ya\u015f \u00c7ocuklarda Sa\u011fl\u0131kl\u0131 Beslenme Al\u0131\u015fkanl\u0131\u011f\u0131n\u0131n Kazand\u0131r\u0131lmas\u0131<\/a><\/h3>\n                <div class=\"td-module-meta-info\">\n                                        <span class=\"td-post-author-name\"><a href=\"http:\/\/sagliklitoplum.org.tr\/en\/author\/skeskin\/\">Sa\u011fl\u0131kl\u0131 Toplum<\/a> <span>-<\/span> <\/span>                    <span class=\"td-post-date\"><time class=\"entry-date updated td-module-date\" datetime=\"2017-03-06T15:14:46+00:00\" >6 March 2017<\/time><\/span>                    <div class=\"td-module-comments\"><a href=\"http:\/\/sagliklitoplum.org.tr\/en\/5-12-yas-cocuklarda-saglikli-beslenme-aliskanliginin-kazandirilmasi\/#respond\">0<\/a><\/div>                <\/div>\n            <\/div>\n\n            \n        <\/div>\n\n        \n\t<\/div> <!-- .\/td-block-span12 -->\n\n\t<div class=\"td-block-span12\">\n\n        <div class=\"td_module_8 td_module_wrap\">\n\n            <div class=\"item-details\">\n                <h3 class=\"entry-title td-module-title\"><a href=\"http:\/\/sagliklitoplum.org.tr\/en\/uluslararasi-yasli-ve-hasta-bakimi-turkiye-uyumu-projesi\/\" rel=\"bookmark\" title=\"Uluslararas\u0131 Ya\u015fl\u0131 Ve Hasta Bak\u0131m\u0131 T\u00fcrkiye Uyumu Projesi\">Uluslararas\u0131 Ya\u015fl\u0131 Ve Hasta Bak\u0131m\u0131 T\u00fcrkiye Uyumu Projesi<\/a><\/h3>\n                <div class=\"td-module-meta-info\">\n                                        <span class=\"td-post-author-name\"><a href=\"http:\/\/sagliklitoplum.org.tr\/en\/author\/skeskin\/\">Sa\u011fl\u0131kl\u0131 Toplum<\/a> <span>-<\/span> <\/span>                    <span class=\"td-post-date\"><time class=\"entry-date updated td-module-date\" datetime=\"2017-03-06T15:14:00+00:00\" >6 March 2017<\/time><\/span>                    <div class=\"td-module-comments\"><a href=\"http:\/\/sagliklitoplum.org.tr\/en\/uluslararasi-yasli-ve-hasta-bakimi-turkiye-uyumu-projesi\/#respond\">0<\/a><\/div>                <\/div>\n            <\/div>\n\n            \n        <\/div>\n\n        \n\t<\/div> <!-- .\/td-block-span12 -->\n\n\t<div class=\"td-block-span12\">\n\n        <div class=\"td_module_8 td_module_wrap\">\n\n            <div class=\"item-details\">\n                <h3 class=\"entry-title td-module-title\"><a href=\"http:\/\/sagliklitoplum.org.tr\/en\/avrupa-birligine-uyumlu-profesyonel-hasta-bakicilar-egitimi\/\" rel=\"bookmark\" title=\"Avrupa Birli\u011fine Uyumlu Profesyonel Hasta Bak\u0131c\u0131lar E\u011fitimi\">Avrupa Birli\u011fine Uyumlu Profesyonel Hasta Bak\u0131c\u0131lar E\u011fitimi<\/a><\/h3>\n                <div class=\"td-module-meta-info\">\n                                        <span class=\"td-post-author-name\"><a href=\"http:\/\/sagliklitoplum.org.tr\/en\/author\/skeskin\/\">Sa\u011fl\u0131kl\u0131 Toplum<\/a> <span>-<\/span> <\/span>                    <span class=\"td-post-date\"><time class=\"entry-date updated td-module-date\" datetime=\"2017-03-06T15:12:39+00:00\" >6 March 2017<\/time><\/span>                    <div class=\"td-module-comments\"><a href=\"http:\/\/sagliklitoplum.org.tr\/en\/avrupa-birligine-uyumlu-profesyonel-hasta-bakicilar-egitimi\/#respond\">0<\/a><\/div>                <\/div>\n            <\/div>\n\n            \n        <\/div>\n\n        \n\t<\/div> <!-- .\/td-block-span12 -->\n\n\t<div class=\"td-block-span12\">\n\n        <div class=\"td_module_8 td_module_wrap\">\n\n            <div class=\"item-details\">\n                <h3 class=\"entry-title td-module-title\"><a href=\"http:\/\/sagliklitoplum.org.tr\/en\/avrupa-birligine-uyumlu-evde-bakim-sistemi\/\" rel=\"bookmark\" title=\"Avrupa Birli\u011fine Uyumlu Evde Bak\u0131m Sistemi\">Avrupa Birli\u011fine Uyumlu Evde Bak\u0131m Sistemi<\/a><\/h3>\n                <div class=\"td-module-meta-info\">\n                                        <span class=\"td-post-author-name\"><a href=\"http:\/\/sagliklitoplum.org.tr\/en\/author\/skeskin\/\">Sa\u011fl\u0131kl\u0131 Toplum<\/a> <span>-<\/span> <\/span>                    <span class=\"td-post-date\"><time class=\"entry-date updated td-module-date\" datetime=\"2017-03-06T15:11:58+00:00\" >6 March 2017<\/time><\/span>                    <div class=\"td-module-comments\"><a href=\"http:\/\/sagliklitoplum.org.tr\/en\/avrupa-birligine-uyumlu-evde-bakim-sistemi\/#respond\">0<\/a><\/div>                <\/div>\n            <\/div>\n\n            \n        <\/div>\n\n        \n\t<\/div> <!-- .\/td-block-span12 -->\n\n\t<div class=\"td-block-span12\">\n\n        <div class=\"td_module_8 td_module_wrap\">\n\n            <div class=\"item-details\">\n                <h3 class=\"entry-title td-module-title\"><a href=\"http:\/\/sagliklitoplum.org.tr\/en\/saglikli-kadin\/\" rel=\"bookmark\" title=\"Sa\u011fl\u0131kl\u0131 Kad\u0131n\">Sa\u011fl\u0131kl\u0131 Kad\u0131n<\/a><\/h3>\n                <div class=\"td-module-meta-info\">\n                                        <span class=\"td-post-author-name\"><a href=\"http:\/\/sagliklitoplum.org.tr\/en\/author\/skeskin\/\">Sa\u011fl\u0131kl\u0131 Toplum<\/a> <span>-<\/span> <\/span>                    <span class=\"td-post-date\"><time class=\"entry-date updated td-module-date\" datetime=\"2017-03-06T15:10:53+00:00\" >6 March 2017<\/time><\/span>                    <div class=\"td-module-comments\"><a href=\"http:\/\/sagliklitoplum.org.tr\/en\/saglikli-kadin\/#respond\">0<\/a><\/div>                <\/div>\n            <\/div>\n\n            \n        <\/div>\n\n        \n\t<\/div> <!-- .\/td-block-span12 -->\n\n\t<div class=\"td-block-span12\">\n\n        <div class=\"td_module_8 td_module_wrap\">\n\n            <div class=\"item-details\">\n                <h3 class=\"entry-title td-module-title\"><a href=\"http:\/\/sagliklitoplum.org.tr\/en\/saglikli-gida\/\" rel=\"bookmark\" title=\"Sa\u011fl\u0131kl\u0131 G\u0131da\">Sa\u011fl\u0131kl\u0131 G\u0131da<\/a><\/h3>\n                <div class=\"td-module-meta-info\">\n                                        <span class=\"td-post-author-name\"><a href=\"http:\/\/sagliklitoplum.org.tr\/en\/author\/skeskin\/\">Sa\u011fl\u0131kl\u0131 Toplum<\/a> <span>-<\/span> <\/span>                    <span class=\"td-post-date\"><time class=\"entry-date updated td-module-date\" datetime=\"2017-03-06T15:10:05+00:00\" >6 March 2017<\/time><\/span>                    <div class=\"td-module-comments\"><a href=\"http:\/\/sagliklitoplum.org.tr\/en\/saglikli-gida\/#respond\">0<\/a><\/div>                <\/div>\n            <\/div>\n\n            \n        <\/div>\n\n        \n\t<\/div> <!-- .\/td-block-span12 -->\n\n\t<div class=\"td-block-span12\">\n\n        <div class=\"td_module_8 td_module_wrap\">\n\n            <div class=\"item-details\">\n                <h3 class=\"entry-title td-module-title\"><a href=\"http:\/\/sagliklitoplum.org.tr\/en\/5-12-yas-cocuklarda-saglikli-sut-icimi-yayginlastirilmasi\/\" rel=\"bookmark\" title=\"5-12 Ya\u015f \u00c7ocuklarda Sa\u011fl\u0131kl\u0131 S\u00fct \u0130\u00e7imi Yayg\u0131nla\u015ft\u0131r\u0131lmas\u0131\">5-12 Ya\u015f \u00c7ocuklarda Sa\u011fl\u0131kl\u0131 S\u00fct \u0130\u00e7imi Yayg\u0131nla\u015ft\u0131r\u0131lmas\u0131<\/a><\/h3>\n                <div class=\"td-module-meta-info\">\n                                        <span class=\"td-post-author-name\"><a href=\"http:\/\/sagliklitoplum.org.tr\/en\/author\/skeskin\/\">Sa\u011fl\u0131kl\u0131 Toplum<\/a> <span>-<\/span> <\/span>                    <span class=\"td-post-date\"><time class=\"entry-date updated td-module-date\" datetime=\"2017-03-06T15:09:22+00:00\" >6 March 2017<\/time><\/span>                    <div class=\"td-module-comments\"><a href=\"http:\/\/sagliklitoplum.org.tr\/en\/5-12-yas-cocuklarda-saglikli-sut-icimi-yayginlastirilmasi\/#respond\">0<\/a><\/div>                <\/div>\n            <\/div>\n\n            \n        <\/div>\n\n        \n\t<\/div> <!-- .\/td-block-span12 --><\/div><\/div> <!-- .\/block -->[\/vc_column][\/vc_row]<\/p>","protected":false},"excerpt":{"rendered":"<p>[vc_row][vc_column][vc_custom_heading text=&#8221;Projelerimiz&#8221; google_fonts=&#8221;font_family:Exo%3A100%2C100italic%2C200%2C200italic%2C300%2C300italic%2Cregular%2Citalic%2C500%2C500italic%2C600%2C600italic%2C700%2C700italic%2C800%2C800italic%2C900%2C900italic|font_style:400%20regular%3A400%3Anormal&#8221;][vc_empty_space height=&#8221;10px&#8221;][vc_column_text][\/vc_column_text][\/vc_column][\/vc_row][vc_row][vc_column][vc_empty_space height=&#8221;15px&#8221;][\/vc_column][\/vc_row][vc_row][vc_column][\/vc_column][\/vc_row]<\/p>\n","protected":false},"author":1,"featured_media":0,"parent":0,"menu_order":19,"comment_status":"closed","ping_status":"closed","template":"","meta":[],"_links":{"self":[{"href":"http:\/\/sagliklitoplum.org.tr\/en\/wp-json\/wp\/v2\/pages\/154"}],"collection":[{"href":"http:\/\/sagliklitoplum.org.tr\/en\/wp-json\/wp\/v2\/pages"}],"about":[{"href":"http:\/\/sagliklitoplum.org.tr\/en\/wp-json\/wp\/v2\/types\/page"}],"author":[{"embeddable":true,"href":"http:\/\/sagliklitoplum.org.tr\/en\/wp-json\/wp\/v2\/users\/1"}],"replies":[{"embeddable":true,"href":"http:\/\/sagliklitoplum.org.tr\/en\/wp-json\/wp\/v2\/comments?post=154"}],"version-history":[{"count":18,"href":"http:\/\/sagliklitoplum.org.tr\/en\/wp-json\/wp\/v2\/pages\/154\/revisions"}],"predecessor-version":[{"id":1066,"href":"http:\/\/sagliklitoplum.org.tr\/en\/wp-json\/wp\/v2\/pages\/154\/revisions\/1066"}],"wp:attachment":[{"href":"http:\/\/sagliklitoplum.org.tr\/en\/wp-json\/wp\/v2\/media?parent=154"}],"curies":[{"name":"wp","href":"https:\/\/api.w.org\/{rel}","templated":true}]}}