{"id":290,"date":"2017-03-06T17:30:13","date_gmt":"2017-03-06T15:30:13","guid":{"rendered":"http:\/\/sagliklitoplum.org.tr\/?page_id=290"},"modified":"2020-01-28T12:15:18","modified_gmt":"2020-01-28T09:15:18","slug":"iletisim","status":"publish","type":"page","link":"http:\/\/sagliklitoplum.org.tr\/en\/contact\/","title":{"rendered":"Contact"},"content":{"rendered":"<p>[vc_row][vc_column width=&#8221;1\/2&#8243;][vc_column_text]<strong>\u0130leti\u015fim Bilgilerimiz<\/strong><\/p>\n<p>Burhaniye Mah. Abdullah A\u011fa Cad. Bah\u00e7eler Sok. No:9\/A-2 Beylerbeyi &#8211; \u00dcsk\u00fcdar, \u0130stanbul<\/p>\n<p><strong>t. <\/strong><a href=\"tel:+902163183194\">0216 318 3194<\/a>\u00a0\u2022\u00a0<strong>f. <\/strong><a href=\"tel:+902163183194\">0216 318 3194<\/a><br \/>\n<strong>@. <\/strong><a href=\"mailto:bilgi@sagliklitoplum.org.tr\">bilgi@sagliklitoplum.org.tr<\/a>[\/vc_column_text][\/vc_column][vc_column width=&#8221;1\/2&#8243;][vc_column_text]<strong>\u0130leti\u015fim Formu<\/strong><\/p>\n<p>\u0130leti\u015fim formundan bize g\u00f6ndermi\u015f oldu\u011funuz mesajlar en k\u0131sa zamanda cevaplanmaktad\u0131r. Size daha iyi cevap verebilmemiz i\u00e7in l\u00fctfen formu tam ve eksiksiz olarak doldurunuz.[\/vc_column_text][\/vc_column][\/vc_row][vc_row][vc_column][vc_empty_space height=&#8221;15px&#8221;][\/vc_column][\/vc_row][vc_row][vc_column]<div role=\"form\" class=\"wpcf7\" id=\"wpcf7-f289-o2\" lang=\"tr-TR\" dir=\"ltr\">\n<div class=\"screen-reader-response\"><p role=\"status\" aria-live=\"polite\" aria-atomic=\"true\"><\/p> <ul><\/ul><\/div>\n<form action=\"\/en\/wp-json\/wp\/v2\/pages\/290#wpcf7-f289-o2\" method=\"post\" class=\"wpcf7-form init\" novalidate=\"novalidate\" data-status=\"init\">\n<div style=\"display: none;\">\n<input type=\"hidden\" name=\"_wpcf7\" value=\"289\" \/>\n<input type=\"hidden\" name=\"_wpcf7_version\" value=\"5.5.6\" \/>\n<input type=\"hidden\" name=\"_wpcf7_locale\" value=\"tr_TR\" \/>\n<input type=\"hidden\" name=\"_wpcf7_unit_tag\" value=\"wpcf7-f289-o2\" \/>\n<input type=\"hidden\" name=\"_wpcf7_container_post\" value=\"0\" \/>\n<input type=\"hidden\" name=\"_wpcf7_posted_data_hash\" value=\"\" \/>\n<\/div>\n<div style=\"float:left; width:49%; margin-right:1%;\"><label> Firma Ad\u0131 ( * )<br \/>\n    <span class=\"wpcf7-form-control-wrap firma-adi\"><input type=\"text\" name=\"firma-adi\" value=\"\" size=\"40\" class=\"wpcf7-form-control wpcf7-text wpcf7-validates-as-required\" aria-required=\"true\" aria-invalid=\"false\" \/><\/span> <\/label>\n<\/div>\n<div style=\"float:left; width:49%; margin-left:1%;\"><label> Ad - Soyad ( * )<br \/>\n    <span class=\"wpcf7-form-control-wrap ad-soyad\"><input type=\"text\" name=\"ad-soyad\" value=\"\" size=\"40\" class=\"wpcf7-form-control wpcf7-text wpcf7-validates-as-required\" aria-required=\"true\" aria-invalid=\"false\" \/><\/span> <\/label>\n<\/div>\n<div style=\"clear:both; height:15px;\"><\/div>\n<div style=\"float:left; width:49%; margin-left:0%;\">\n<label> \u0130\u015f Telefonu ( * )<br \/>\n    <span class=\"wpcf7-form-control-wrap is-telefonu\"><input type=\"tel\" name=\"is-telefonu\" value=\"\" size=\"40\" class=\"wpcf7-form-control wpcf7-text wpcf7-tel wpcf7-validates-as-required wpcf7-validates-as-tel\" aria-required=\"true\" aria-invalid=\"false\" \/><\/span> <\/label>\n<\/div>\n<div style=\"float:left; width:49%; margin-left:2%;\">\n<label> Cep Telefonu ( * )<br \/>\n    <span class=\"wpcf7-form-control-wrap cep-telefonu\"><input type=\"tel\" name=\"cep-telefonu\" value=\"\" size=\"40\" class=\"wpcf7-form-control wpcf7-text wpcf7-tel wpcf7-validates-as-required wpcf7-validates-as-tel\" aria-required=\"true\" aria-invalid=\"false\" \/><\/span> <\/label>\n<\/div>\n<div style=\"clear:both; height:15px;\"><\/div>\n<div style=\"float:left; width:49%; margin-left:0%;\">\n<label> E-Posta ( * )<br \/>\n    <span class=\"wpcf7-form-control-wrap e-posta\"><input type=\"email\" name=\"e-posta\" value=\"\" size=\"40\" class=\"wpcf7-form-control wpcf7-text wpcf7-email wpcf7-validates-as-required wpcf7-validates-as-email\" aria-required=\"true\" aria-invalid=\"false\" \/><\/span> <\/label>\n<\/div>\n<div style=\"float:left; width:49%; margin-left:2%;\">\n<label> Fax ( * )<br \/>\n    <span class=\"wpcf7-form-control-wrap fax\"><input type=\"tel\" name=\"fax\" value=\"\" size=\"40\" class=\"wpcf7-form-control wpcf7-text wpcf7-tel wpcf7-validates-as-required wpcf7-validates-as-tel\" aria-required=\"true\" aria-invalid=\"false\" \/><\/span> <\/label>\n<\/div>\n<div style=\"clear:both; height:15px;\"><\/div>\n<p><label> Mesaj\u0131n\u0131z<br \/>\n    <span class=\"wpcf7-form-control-wrap mesajiniz\"><textarea name=\"mesajiniz\" cols=\"40\" rows=\"10\" class=\"wpcf7-form-control wpcf7-textarea wpcf7-validates-as-required\" aria-required=\"true\" aria-invalid=\"false\"><\/textarea><\/span> <\/label><\/p>\n<p><input type=\"submit\" value=\"Mesaj\u0131 G\u00f6nder\" class=\"wpcf7-form-control has-spinner wpcf7-submit\" \/><\/p>\n<p style=\"display: none !important;\"><label>&#916;<textarea name=\"_wpcf7_ak_hp_textarea\" cols=\"45\" rows=\"8\" maxlength=\"100\"><\/textarea><\/label><input type=\"hidden\" id=\"ak_js_2\" name=\"_wpcf7_ak_js\" value=\"91\"\/><script>document.getElementById( \"ak_js_2\" ).setAttribute( \"value\", ( new Date() ).getTime() );<\/script><\/p><div class=\"wpcf7-response-output\" aria-hidden=\"true\"><\/div><\/form><\/div>[\/vc_column][\/vc_row]<\/p>","protected":false},"excerpt":{"rendered":"<p>[vc_row][vc_column width=&#8221;1\/2&#8243;][vc_column_text]\u0130leti\u015fim Bilgilerimiz Burhaniye Mah. Abdullah A\u011fa Cad. Bah\u00e7eler Sok. No:9\/A-2 Beylerbeyi &#8211; \u00dcsk\u00fcdar, \u0130stanbul t. 0216 318 3194\u00a0\u2022\u00a0f. 0216 318 3194 @. bilgi@sagliklitoplum.org.tr[\/vc_column_text][\/vc_column][vc_column width=&#8221;1\/2&#8243;][vc_column_text]\u0130leti\u015fim Formu \u0130leti\u015fim formundan bize g\u00f6ndermi\u015f oldu\u011funuz mesajlar en k\u0131sa zamanda cevaplanmaktad\u0131r. Size daha iyi cevap verebilmemiz i\u00e7in l\u00fctfen formu tam ve eksiksiz olarak doldurunuz.[\/vc_column_text][\/vc_column][\/vc_row][vc_row][vc_column][vc_empty_space height=&#8221;15px&#8221;][\/vc_column][\/vc_row][vc_row][vc_column][\/vc_column][\/vc_row]<\/p>\n","protected":false},"author":1,"featured_media":0,"parent":0,"menu_order":8,"comment_status":"closed","ping_status":"closed","template":"","meta":[],"_links":{"self":[{"href":"http:\/\/sagliklitoplum.org.tr\/en\/wp-json\/wp\/v2\/pages\/290"}],"collection":[{"href":"http:\/\/sagliklitoplum.org.tr\/en\/wp-json\/wp\/v2\/pages"}],"about":[{"href":"http:\/\/sagliklitoplum.org.tr\/en\/wp-json\/wp\/v2\/types\/page"}],"author":[{"embeddable":true,"href":"http:\/\/sagliklitoplum.org.tr\/en\/wp-json\/wp\/v2\/users\/1"}],"replies":[{"embeddable":true,"href":"http:\/\/sagliklitoplum.org.tr\/en\/wp-json\/wp\/v2\/comments?post=290"}],"version-history":[{"count":8,"href":"http:\/\/sagliklitoplum.org.tr\/en\/wp-json\/wp\/v2\/pages\/290\/revisions"}],"predecessor-version":[{"id":1757,"href":"http:\/\/sagliklitoplum.org.tr\/en\/wp-json\/wp\/v2\/pages\/290\/revisions\/1757"}],"wp:attachment":[{"href":"http:\/\/sagliklitoplum.org.tr\/en\/wp-json\/wp\/v2\/media?parent=290"}],"curies":[{"name":"wp","href":"https:\/\/api.w.org\/{rel}","templated":true}]}}