{"id":483,"date":"2017-03-07T15:52:56","date_gmt":"2017-03-07T13:52:56","guid":{"rendered":"http:\/\/sagliklitoplum.org.tr\/?page_id=483"},"modified":"2017-03-31T01:30:32","modified_gmt":"2017-03-30T22:30:32","slug":"haberler","status":"publish","type":"page","link":"http:\/\/sagliklitoplum.org.tr\/en\/news\/","title":{"rendered":"News"},"content":{"rendered":"<p>[vc_row][vc_column][vc_custom_heading text=&#8221;Haberler&#8221; google_fonts=&#8221;font_family:Exo%3A100%2C100italic%2C200%2C200italic%2C300%2C300italic%2Cregular%2Citalic%2C500%2C500italic%2C600%2C600italic%2C700%2C700italic%2C800%2C800italic%2C900%2C900italic|font_style:400%20regular%3A400%3Anormal&#8221;][vc_empty_space height=&#8221;15px&#8221;]<div class=\"td_block_wrap td_block_11 td_uid_2_69da7f3a11b9c_rand td_with_ajax_pagination td-pb-border-top td_block_template_1\"  data-td-block-uid=\"td_uid_2_69da7f3a11b9c\" ><script>var block_td_uid_2_69da7f3a11b9c = new tdBlock();\nblock_td_uid_2_69da7f3a11b9c.id = \"td_uid_2_69da7f3a11b9c\";\nblock_td_uid_2_69da7f3a11b9c.atts = '{\"limit\":5,\"sort\":\"oldest_posts\",\"post_ids\":\"\",\"tag_slug\":\"\",\"autors_id\":\"\",\"installed_post_types\":\"\",\"category_id\":\"21\",\"category_ids\":\"\",\"custom_title\":\"\",\"custom_url\":\"\",\"show_child_cat\":\"\",\"sub_cat_ajax\":\"\",\"ajax_pagination\":\"next_prev\",\"header_color\":\"\",\"header_text_color\":\"\",\"ajax_pagination_infinite_stop\":\"\",\"td_column_number\":1,\"td_ajax_preloading\":\"\",\"td_ajax_filter_type\":\"\",\"td_ajax_filter_ids\":\"\",\"td_filter_default_txt\":\"All\",\"color_preset\":\"\",\"border_top\":\"\",\"class\":\"td_uid_2_69da7f3a11b9c_rand\",\"el_class\":\"\",\"offset\":\"\",\"css\":\"\",\"tdc_css\":\"\",\"tdc_css_class\":\"td_uid_2_69da7f3a11b9c_rand\",\"live_filter\":\"\",\"live_filter_cur_post_id\":\"\",\"live_filter_cur_post_author\":\"\",\"block_template_id\":\"\"}';\nblock_td_uid_2_69da7f3a11b9c.td_column_number = \"1\";\nblock_td_uid_2_69da7f3a11b9c.block_type = \"td_block_11\";\nblock_td_uid_2_69da7f3a11b9c.post_count = \"5\";\nblock_td_uid_2_69da7f3a11b9c.found_posts = \"119\";\nblock_td_uid_2_69da7f3a11b9c.header_color = \"\";\nblock_td_uid_2_69da7f3a11b9c.ajax_pagination_infinite_stop = \"\";\nblock_td_uid_2_69da7f3a11b9c.max_num_pages = \"24\";\ntdBlocksArray.push(block_td_uid_2_69da7f3a11b9c);\n<\/script><div class=\"td-block-title-wrap\"><\/div><div id=td_uid_2_69da7f3a11b9c class=\"td_block_inner\">\n\n\t<div class=\"td-block-span12\">\n\n        <div class=\"td_module_10 td_module_wrap td-animation-stack\">\n            <div class=\"td-module-thumb ozelBoyut\"><a href=\"http:\/\/sagliklitoplum.org.tr\/en\/turkish-hasta-bakici-ve-egitici-egitimleri-icin-bas-vurular-24-martta-sondur\/\" rel=\"bookmark\" title=\"(Turkish) KONUNUN UZMANI SERP\u0130L KESK\u0130N ULUSAL ENTEGRE BAKIM  \u00c7OK \u00d6NEML\u0130, (ULUSAL BAKIM, ULUSAL BAKIM)\"><img class=\"ozelBoyutAlt\" width=\"218\" height=\"150\" class=\"entry-thumb\" src=\"http:\/\/sagliklitoplum.org.tr\/wp-content\/uploads\/2020\/03\/DERNE\u011e\u0130M\u0130ZDEN-\u00d6NMEL\u0130-DUYURU.png\"alt=\"\" title=\"(Turkish) KONUNUN UZMANI SERP\u0130L KESK\u0130N ULUSAL ENTEGRE BAKIM  \u00c7OK \u00d6NEML\u0130, (ULUSAL BAKIM, ULUSAL BAKIM)\"\/><img class=\"ozelBoyutAltDegil\" width=\"218\" height=\"150\" class=\"entry-thumb\" src=\"http:\/\/sagliklitoplum.org.tr\/wp-content\/uploads\/2020\/03\/DERNE\u011e\u0130M\u0130ZDEN-\u00d6NMEL\u0130-DUYURU-218x150.png\"alt=\"\" title=\"(Turkish) KONUNUN UZMANI SERP\u0130L KESK\u0130N ULUSAL ENTEGRE BAKIM  \u00c7OK \u00d6NEML\u0130, (ULUSAL BAKIM, ULUSAL BAKIM)\"\/><\/a><\/div>\n            <div class=\"item-details\">\n            <h3 class=\"entry-title td-module-title\"><a href=\"http:\/\/sagliklitoplum.org.tr\/en\/turkish-hasta-bakici-ve-egitici-egitimleri-icin-bas-vurular-24-martta-sondur\/\" rel=\"bookmark\" title=\"(Turkish) KONUNUN UZMANI SERP\u0130L KESK\u0130N ULUSAL ENTEGRE BAKIM  \u00c7OK \u00d6NEML\u0130, (ULUSAL BAKIM, ULUSAL BAKIM)\">(Turkish) KONUNUN UZMANI SERP\u0130L KESK\u0130N ULUSAL ENTEGRE BAKIM  \u00c7OK \u00d6NEML\u0130, (ULUSAL BAKIM, ULUSAL...<\/a><\/h3>\n                <div class=\"td-module-meta-info\">\n                                            <span class=\"td-post-author-name\"><a href=\"http:\/\/sagliklitoplum.org.tr\/en\/author\/skeskin\/\">Sa\u011fl\u0131kl\u0131 Toplum<\/a> <span>-<\/span> <\/span>                        <span class=\"td-post-date\"><time class=\"entry-date updated td-module-date\" datetime=\"2020-03-14T20:29:10+00:00\" >14 March 2020<\/time><\/span>                        <div class=\"td-module-comments\"><a href=\"http:\/\/sagliklitoplum.org.tr\/en\/turkish-hasta-bakici-ve-egitici-egitimleri-icin-bas-vurular-24-martta-sondur\/#respond\">0<\/a><\/div>                <\/div>\n\n                <div class=\"td-excerpt\">\n                    Sorry, this entry is only available in Turkish.                <\/div>\n            <\/div>\n\n        <\/div>\n\n        \n\t<\/div> <!-- .\/td-block-span12 -->\n\n\t<div class=\"td-block-span12\">\n\n        <div class=\"td_module_10 td_module_wrap td-animation-stack\">\n            <div class=\"td-module-thumb ozelBoyut\"><a href=\"http:\/\/sagliklitoplum.org.tr\/en\/turkish-14-mart-tip-bayraminiz-kutlu-olsun-ve-hipokrat-yemininizi-unutmayiniznerede-insan-sevgisi-varsa-orada-bu-sanata-sevgi-de-vardir\/\" rel=\"bookmark\" title=\"(Turkish) 14 MART TIP BAYRAMINIZ KUTLU OLSUN VE (Nerede insan sevgisi varsa, orada bu sanata sevgi de vard\u0131r.\u201d)\"><img class=\"ozelBoyutAlt\" width=\"218\" height=\"150\" class=\"entry-thumb\" src=\"http:\/\/sagliklitoplum.org.tr\/wp-content\/uploads\/2020\/03\/DEMOKRAS.png\"alt=\"\" title=\"(Turkish) 14 MART TIP BAYRAMINIZ KUTLU OLSUN VE (Nerede insan sevgisi varsa, orada bu sanata sevgi de vard\u0131r.\u201d)\"\/><img class=\"ozelBoyutAltDegil\" width=\"218\" height=\"150\" class=\"entry-thumb\" src=\"http:\/\/sagliklitoplum.org.tr\/wp-content\/uploads\/2020\/03\/DEMOKRAS-218x150.png\"alt=\"\" title=\"(Turkish) 14 MART TIP BAYRAMINIZ KUTLU OLSUN VE (Nerede insan sevgisi varsa, orada bu sanata sevgi de vard\u0131r.\u201d)\"\/><\/a><\/div>\n            <div class=\"item-details\">\n            <h3 class=\"entry-title td-module-title\"><a href=\"http:\/\/sagliklitoplum.org.tr\/en\/turkish-14-mart-tip-bayraminiz-kutlu-olsun-ve-hipokrat-yemininizi-unutmayiniznerede-insan-sevgisi-varsa-orada-bu-sanata-sevgi-de-vardir\/\" rel=\"bookmark\" title=\"(Turkish) 14 MART TIP BAYRAMINIZ KUTLU OLSUN VE (Nerede insan sevgisi varsa, orada bu sanata sevgi de vard\u0131r.\u201d)\">(Turkish) 14 MART TIP BAYRAMINIZ KUTLU OLSUN VE (Nerede insan sevgisi varsa, orada bu...<\/a><\/h3>\n                <div class=\"td-module-meta-info\">\n                                            <span class=\"td-post-author-name\"><a href=\"http:\/\/sagliklitoplum.org.tr\/en\/author\/skeskin\/\">Sa\u011fl\u0131kl\u0131 Toplum<\/a> <span>-<\/span> <\/span>                        <span class=\"td-post-date\"><time class=\"entry-date updated td-module-date\" datetime=\"2020-03-14T20:49:05+00:00\" >14 March 2020<\/time><\/span>                        <div class=\"td-module-comments\"><a href=\"http:\/\/sagliklitoplum.org.tr\/en\/turkish-14-mart-tip-bayraminiz-kutlu-olsun-ve-hipokrat-yemininizi-unutmayiniznerede-insan-sevgisi-varsa-orada-bu-sanata-sevgi-de-vardir\/#respond\">0<\/a><\/div>                <\/div>\n\n                <div class=\"td-excerpt\">\n                    Sorry, this entry is only available in Turkish.                <\/div>\n            <\/div>\n\n        <\/div>\n\n        \n\t<\/div> <!-- .\/td-block-span12 -->\n\n\t<div class=\"td-block-span12\">\n\n        <div class=\"td_module_10 td_module_wrap td-animation-stack\">\n            <div class=\"td-module-thumb ozelBoyut\"><a href=\"http:\/\/sagliklitoplum.org.tr\/en\/turkish-18-mart-canakkale-zaferinin-104-yil-donumumuz-kutlu-olsun\/\" rel=\"bookmark\" title=\"(Turkish) 18 Mart \u00c7anakkale zaferinin 105. y\u0131l d\u00f6n\u00fcm\u00fcm\u00fcz Kutlu olsun\"><img class=\"ozelBoyutAlt\" width=\"218\" height=\"150\" class=\"entry-thumb\" src=\"http:\/\/sagliklitoplum.org.tr\/wp-content\/uploads\/2020\/03\/18-mart-\u00e7anakkale-zaferi-\u015fiirleri-3.jpg\"alt=\"\" title=\"(Turkish) 18 Mart \u00c7anakkale zaferinin 105. y\u0131l d\u00f6n\u00fcm\u00fcm\u00fcz Kutlu olsun\"\/><img class=\"ozelBoyutAltDegil\" width=\"218\" height=\"150\" class=\"entry-thumb\" src=\"http:\/\/sagliklitoplum.org.tr\/wp-content\/uploads\/2020\/03\/18-mart-\u00e7anakkale-zaferi-\u015fiirleri-3-218x150.jpg\"alt=\"\" title=\"(Turkish) 18 Mart \u00c7anakkale zaferinin 105. y\u0131l d\u00f6n\u00fcm\u00fcm\u00fcz Kutlu olsun\"\/><\/a><\/div>\n            <div class=\"item-details\">\n            <h3 class=\"entry-title td-module-title\"><a href=\"http:\/\/sagliklitoplum.org.tr\/en\/turkish-18-mart-canakkale-zaferinin-104-yil-donumumuz-kutlu-olsun\/\" rel=\"bookmark\" title=\"(Turkish) 18 Mart \u00c7anakkale zaferinin 105. y\u0131l d\u00f6n\u00fcm\u00fcm\u00fcz Kutlu olsun\">(Turkish) 18 Mart \u00c7anakkale zaferinin 105. y\u0131l d\u00f6n\u00fcm\u00fcm\u00fcz Kutlu olsun<\/a><\/h3>\n                <div class=\"td-module-meta-info\">\n                                            <span class=\"td-post-author-name\"><a href=\"http:\/\/sagliklitoplum.org.tr\/en\/author\/skeskin\/\">Sa\u011fl\u0131kl\u0131 Toplum<\/a> <span>-<\/span> <\/span>                        <span class=\"td-post-date\"><time class=\"entry-date updated td-module-date\" datetime=\"2020-03-18T01:27:25+00:00\" >18 March 2020<\/time><\/span>                        <div class=\"td-module-comments\"><a href=\"http:\/\/sagliklitoplum.org.tr\/en\/turkish-18-mart-canakkale-zaferinin-104-yil-donumumuz-kutlu-olsun\/#respond\">0<\/a><\/div>                <\/div>\n\n                <div class=\"td-excerpt\">\n                    Sorry, this entry is only available in Turkish.                <\/div>\n            <\/div>\n\n        <\/div>\n\n        \n\t<\/div> <!-- .\/td-block-span12 -->\n\n\t<div class=\"td-block-span12\">\n\n        <div class=\"td_module_10 td_module_wrap td-animation-stack\">\n            <div class=\"td-module-thumb ozelBoyut\"><a href=\"http:\/\/sagliklitoplum.org.tr\/en\/turkish-ulusal-saglik-bakimda-is-ve-istihdam-seferberlik-projesi\/\" rel=\"bookmark\" title=\"(Turkish) ULUSAL SA\u011eLIK BAKIMDA \u0130\u015e VE \u0130ST\u0130HDAM SEFERBERL\u0130K PROJES\u0130\"><img class=\"ozelBoyutAlt\" width=\"218\" height=\"150\" class=\"entry-thumb\" src=\"http:\/\/sagliklitoplum.org.tr\/wp-content\/uploads\/2019\/12\/20190215_112449-e1576187819936.jpg\"alt=\"\" title=\"(Turkish) ULUSAL SA\u011eLIK BAKIMDA \u0130\u015e VE \u0130ST\u0130HDAM SEFERBERL\u0130K PROJES\u0130\"\/><img class=\"ozelBoyutAltDegil\" width=\"218\" height=\"150\" class=\"entry-thumb\" src=\"http:\/\/sagliklitoplum.org.tr\/wp-content\/uploads\/2019\/12\/20190215_112449-e1576187819936-218x150.jpg\"alt=\"\" title=\"(Turkish) ULUSAL SA\u011eLIK BAKIMDA \u0130\u015e VE \u0130ST\u0130HDAM SEFERBERL\u0130K PROJES\u0130\"\/><span class=\"td-video-play-ico\"><img width=\"40\" height=\"40\" class=\"td-retina\" src=\"http:\/\/sagliklitoplum.org.tr\/wp-content\/themes\/Newspaper\/images\/icons\/ico-video-large.png\" alt=\"video\"\/><\/span><\/a><\/div>\n            <div class=\"item-details\">\n            <h3 class=\"entry-title td-module-title\"><a href=\"http:\/\/sagliklitoplum.org.tr\/en\/turkish-ulusal-saglik-bakimda-is-ve-istihdam-seferberlik-projesi\/\" rel=\"bookmark\" title=\"(Turkish) ULUSAL SA\u011eLIK BAKIMDA \u0130\u015e VE \u0130ST\u0130HDAM SEFERBERL\u0130K PROJES\u0130\">(Turkish) ULUSAL SA\u011eLIK BAKIMDA \u0130\u015e VE \u0130ST\u0130HDAM SEFERBERL\u0130K PROJES\u0130<\/a><\/h3>\n                <div class=\"td-module-meta-info\">\n                                            <span class=\"td-post-author-name\"><a href=\"http:\/\/sagliklitoplum.org.tr\/en\/author\/skeskin\/\">Sa\u011fl\u0131kl\u0131 Toplum<\/a> <span>-<\/span> <\/span>                        <span class=\"td-post-date\"><time class=\"entry-date updated td-module-date\" datetime=\"2020-04-08T13:11:37+00:00\" >8 April 2020<\/time><\/span>                        <div class=\"td-module-comments\"><a href=\"http:\/\/sagliklitoplum.org.tr\/en\/turkish-ulusal-saglik-bakimda-is-ve-istihdam-seferberlik-projesi\/#respond\">0<\/a><\/div>                <\/div>\n\n                <div class=\"td-excerpt\">\n                    Sorry, this entry is only available in Turkish.                <\/div>\n            <\/div>\n\n        <\/div>\n\n        \n\t<\/div> <!-- .\/td-block-span12 -->\n\n\t<div class=\"td-block-span12\">\n\n        <div class=\"td_module_10 td_module_wrap td-animation-stack\">\n            <div class=\"td-module-thumb ozelBoyut\"><a href=\"http:\/\/sagliklitoplum.org.tr\/en\/turkish-kasim-ve-aralik-2019-avrupa-parlamentosu-toplantilarimiz\/\" rel=\"bookmark\" title=\"(Turkish) Kas\u0131m ve Aral\u0131k 2019 Avrupa Parlamentosu toplant\u0131lar\u0131m\u0131z\"><img class=\"ozelBoyutAlt\" width=\"218\" height=\"150\" class=\"entry-thumb\" src=\"http:\/\/sagliklitoplum.org.tr\/wp-content\/uploads\/2020\/02\/20191009_105809-e1580594591465.jpg\"alt=\"\" title=\"(Turkish) Kas\u0131m ve Aral\u0131k 2019 Avrupa Parlamentosu toplant\u0131lar\u0131m\u0131z\"\/><img class=\"ozelBoyutAltDegil\" width=\"218\" height=\"150\" class=\"entry-thumb\" src=\"http:\/\/sagliklitoplum.org.tr\/wp-content\/uploads\/2020\/02\/20191009_105809-e1580594591465-218x150.jpg\"alt=\"\" title=\"(Turkish) Kas\u0131m ve Aral\u0131k 2019 Avrupa Parlamentosu toplant\u0131lar\u0131m\u0131z\"\/><\/a><\/div>\n            <div class=\"item-details\">\n            <h3 class=\"entry-title td-module-title\"><a href=\"http:\/\/sagliklitoplum.org.tr\/en\/turkish-kasim-ve-aralik-2019-avrupa-parlamentosu-toplantilarimiz\/\" rel=\"bookmark\" title=\"(Turkish) Kas\u0131m ve Aral\u0131k 2019 Avrupa Parlamentosu toplant\u0131lar\u0131m\u0131z\">(Turkish) Kas\u0131m ve Aral\u0131k 2019 Avrupa Parlamentosu toplant\u0131lar\u0131m\u0131z<\/a><\/h3>\n                <div class=\"td-module-meta-info\">\n                                            <span class=\"td-post-author-name\"><a href=\"http:\/\/sagliklitoplum.org.tr\/en\/author\/skeskin\/\">Sa\u011fl\u0131kl\u0131 Toplum<\/a> <span>-<\/span> <\/span>                        <span class=\"td-post-date\"><time class=\"entry-date updated td-module-date\" datetime=\"2020-05-05T01:03:36+00:00\" >5 May 2020<\/time><\/span>                        <div class=\"td-module-comments\"><a href=\"http:\/\/sagliklitoplum.org.tr\/en\/turkish-kasim-ve-aralik-2019-avrupa-parlamentosu-toplantilarimiz\/#respond\">0<\/a><\/div>                <\/div>\n\n                <div class=\"td-excerpt\">\n                    Our regional commission meetings of October, November and December continued until the beginning of 2020. Meetings were held on issues related to the problems...                <\/div>\n            <\/div>\n\n        <\/div>\n\n        \n\t<\/div> <!-- .\/td-block-span12 --><\/div><div class=\"td-next-prev-wrap\"><a href=\"#\" class=\"td-ajax-prev-page ajax-page-disabled\" id=\"prev-page-td_uid_2_69da7f3a11b9c\" data-td_block_id=\"td_uid_2_69da7f3a11b9c\"><i class=\"td-icon-font td-icon-menu-left\"><\/i><\/a><a href=\"#\"  class=\"td-ajax-next-page\" id=\"next-page-td_uid_2_69da7f3a11b9c\" data-td_block_id=\"td_uid_2_69da7f3a11b9c\"><i class=\"td-icon-font td-icon-menu-right\"><\/i><\/a><\/div><\/div> <!-- .\/block -->[\/vc_column][\/vc_row]<\/p>","protected":false},"excerpt":{"rendered":"<p>[vc_row][vc_column][vc_custom_heading text=&#8221;Haberler&#8221; google_fonts=&#8221;font_family:Exo%3A100%2C100italic%2C200%2C200italic%2C300%2C300italic%2Cregular%2Citalic%2C500%2C500italic%2C600%2C600italic%2C700%2C700italic%2C800%2C800italic%2C900%2C900italic|font_style:400%20regular%3A400%3Anormal&#8221;][vc_empty_space height=&#8221;15px&#8221;][\/vc_column][\/vc_row]<\/p>\n","protected":false},"author":1,"featured_media":0,"parent":0,"menu_order":6,"comment_status":"closed","ping_status":"closed","template":"","meta":[],"_links":{"self":[{"href":"http:\/\/sagliklitoplum.org.tr\/en\/wp-json\/wp\/v2\/pages\/483"}],"collection":[{"href":"http:\/\/sagliklitoplum.org.tr\/en\/wp-json\/wp\/v2\/pages"}],"about":[{"href":"http:\/\/sagliklitoplum.org.tr\/en\/wp-json\/wp\/v2\/types\/page"}],"author":[{"embeddable":true,"href":"http:\/\/sagliklitoplum.org.tr\/en\/wp-json\/wp\/v2\/users\/1"}],"replies":[{"embeddable":true,"href":"http:\/\/sagliklitoplum.org.tr\/en\/wp-json\/wp\/v2\/comments?post=483"}],"version-history":[{"count":7,"href":"http:\/\/sagliklitoplum.org.tr\/en\/wp-json\/wp\/v2\/pages\/483\/revisions"}],"predecessor-version":[{"id":917,"href":"http:\/\/sagliklitoplum.org.tr\/en\/wp-json\/wp\/v2\/pages\/483\/revisions\/917"}],"wp:attachment":[{"href":"http:\/\/sagliklitoplum.org.tr\/en\/wp-json\/wp\/v2\/media?parent=483"}],"curies":[{"name":"wp","href":"https:\/\/api.w.org\/{rel}","templated":true}]}}